

{"id":712,"date":"2023-09-13T09:42:22","date_gmt":"2023-09-13T02:42:22","guid":{"rendered":"https:\/\/demo-hva.deltalabsjsc.com\/?page_id=712"},"modified":"2024-09-21T16:12:53","modified_gmt":"2024-09-21T09:12:53","slug":"cold-message","status":"publish","type":"page","link":"https:\/\/hva.group\/en\/cold-message\/","title":{"rendered":"LETTER FROM CHAIRMAN"},"content":{"rendered":"<div data-elementor-type=\"wp-page\" data-elementor-id=\"712\" class=\"elementor elementor-712\" data-elementor-post-type=\"page\">\n\t\t\t\t<div class=\"elementor-element elementor-element-9ab383d e-flex e-con-boxed e-con e-parent\" data-id=\"9ab383d\" data-element_type=\"container\" data-settings=\"{&quot;background_background&quot;:&quot;classic&quot;}\">\n\t\t\t\t\t<div class=\"e-con-inner\">\n\t\t\t\t<div class=\"elementor-element elementor-element-ec1c0cc elementor-align-left elementor-widget elementor-widget-breadcrumbs\" data-id=\"ec1c0cc\" data-element_type=\"widget\" data-widget_type=\"breadcrumbs.default\">\n\t\t\t\t<div class=\"elementor-widget-container\">\n\t\t\t\t\t<p id=\"breadcrumbs\"><span><span><a href=\"https:\/\/hva.group\/en\/\">Home<\/a><\/span><\/span><\/p>\t\t\t\t<\/div>\n\t\t\t\t<\/div>\n\t\t\t\t<div class=\"elementor-element elementor-element-2c46715 elementor-widget elementor-widget-heading\" data-id=\"2c46715\" data-element_type=\"widget\" data-widget_type=\"heading.default\">\n\t\t\t\t<div class=\"elementor-widget-container\">\n\t\t\t\t\t<h1 class=\"elementor-heading-title elementor-size-default\">LEADERSHIP TEAM'S MESSAGE<\/h1>\t\t\t\t<\/div>\n\t\t\t\t<\/div>\n\t\t<div class=\"elementor-element elementor-element-72b8da1 e-flex e-con-boxed elementor-invisible e-con e-child\" data-id=\"72b8da1\" data-element_type=\"container\" data-settings=\"{&quot;background_background&quot;:&quot;classic&quot;,&quot;animation&quot;:&quot;fadeInUp&quot;}\">\n\t\t\t\t\t<div class=\"e-con-inner\">\n\t\t\t\t<div class=\"elementor-element elementor-element-03bcfd5 elementor-widget elementor-widget-text-editor\" data-id=\"03bcfd5\" data-element_type=\"widget\" data-widget_type=\"text-editor.default\">\n\t\t\t\t<div class=\"elementor-widget-container\">\n\t\t\t\t\t\t\t\t\t<p><span style=\"font-weight: 400;\">Dear Esteemed Shareholders, Customers, Partners and all  Employees of HVA Investment Joint Stock Company,<\/span><\/p><p><span style=\"font-weight: 400;\">First and foremost, we have determined our ultimate goal, which is to become a leading investment and financial services group in Vietnam, focusing on our two main areas: Banking and Investment Services; and Investing in the Startup and Innovation Field. We are committed to meeting and exceeding your expectations, providing quality and innovative products and services.<\/span><\/p><p><span style=\"font-weight: 400;\">With this commitment, we aim to provide strategic, investment and risk management solutions to maximally support businesses and organizations. We also constantly strive to create the best environment for business development, aiming to balance business and social benefits.<\/span><\/p><p><span style=\"font-weight: 400;\">We believe that success at work will come from our dedication, knowledge and skills. We constantly strive to achieve our future goals. Our Board of Directors and all employees are dedicated, creative and determined to make HVA Investment Joint Stock Company become a prestigious brand in the Vietnamese financial market and contribute more to the development of HVA Investment Joint Stock Company. development of society.<\/span><\/p><p><span style=\"font-weight: 400;\">We sincerely thank our Customers\/Partners. We are committed to always improving and innovating to serve our goals and the benefit of the community.<\/span><\/p><p style=\"text-align: justify;\">Best regards,<\/p><p style=\"text-align: right;\"><strong>Mr. Vuong Le Vinh Nhan<\/strong><\/p><p style=\"text-align: right;\"><strong>Chairman of the Board of Directors<\/strong><\/p>\t\t\t\t\t\t\t\t<\/div>\n\t\t\t\t<\/div>\n\t\t\t\t\t<\/div>\n\t\t\t\t<\/div>\n\t\t\t\t\t<\/div>\n\t\t\t\t<\/div>\n\t\t\t\t<\/div>","protected":false},"excerpt":{"rendered":"<p>LEADERSHIP MESSAGE Dear Shareholders, Customers, Partners and all officers and employees of HVA Investment Joint Stock Company, We have determined our ultimate goal, which is to become an investment and service corporation [\u2026]<\/p>","protected":false},"author":2,"featured_media":726,"parent":0,"menu_order":0,"comment_status":"closed","ping_status":"closed","template":"","meta":{"_acf_changed":false,"footnotes":""},"class_list":["post-712","page","type-page","status-publish","has-post-thumbnail","hentry"],"acf":[],"yoast_head":"<!-- This site is optimized with the Yoast SEO Premium plugin v23.2 (Yoast SEO v26.8) - https:\/\/yoast.com\/product\/yoast-seo-premium-wordpress\/ -->\n<title>Th\u00f4ng \u0110i\u1ec7p L\u00e3nh \u0110\u1ea1o HVA - Cam K\u1ebft \u0110\u1ed5i M\u1edbi v\u00e0 Ph\u00e1t Tri\u1ec3n B\u1ec1n V\u1eefng<\/title>\n<meta name=\"description\" content=\"Ban l\u00e3nh \u0111\u1ea1o HVA cam k\u1ebft \u0111\u01b0a c\u00f4ng ty tr\u1edf th\u00e0nh t\u1eadp \u0111o\u00e0n t\u00e0i ch\u00ednh h\u00e0ng \u0111\u1ea7u Vi\u1ec7t Nam, v\u1edbi s\u1ef1 s\u00e1ng t\u1ea1o v\u00e0 t\u1eadn t\u00e2m, h\u01b0\u1edbng t\u1edbi m\u1ee5c ti\u00eau ph\u00e1t tri\u1ec3n b\u1ec1n v\u1eefng.\" \/>\n<meta name=\"robots\" content=\"index, follow, max-snippet:-1, max-image-preview:large, max-video-preview:-1\" \/>\n<link rel=\"canonical\" href=\"https:\/\/hva.group\/en\/wp-json\/wp\/v2\/pages\/712\" \/>\n<meta property=\"og:locale\" content=\"en_US\" \/>\n<meta property=\"og:type\" content=\"article\" \/>\n<meta property=\"og:title\" content=\"Th\u00f4ng \u0111i\u1ec7p l\u00e3nh \u0111\u1ea1o\" \/>\n<meta property=\"og:description\" content=\"Ban l\u00e3nh \u0111\u1ea1o HVA cam k\u1ebft \u0111\u01b0a c\u00f4ng ty tr\u1edf th\u00e0nh t\u1eadp \u0111o\u00e0n t\u00e0i ch\u00ednh h\u00e0ng \u0111\u1ea7u Vi\u1ec7t Nam, v\u1edbi s\u1ef1 s\u00e1ng t\u1ea1o v\u00e0 t\u1eadn t\u00e2m, h\u01b0\u1edbng t\u1edbi m\u1ee5c ti\u00eau ph\u00e1t tri\u1ec3n b\u1ec1n v\u1eefng.\" \/>\n<meta property=\"og:url\" content=\"https:\/\/hva.group\/en\/cold-message\/\" \/>\n<meta property=\"og:site_name\" content=\"HVA Group\" \/>\n<meta property=\"article:modified_time\" content=\"2024-09-21T09:12:53+00:00\" \/>\n<meta property=\"og:image\" content=\"https:\/\/hva.group\/wp-content\/uploads\/2023\/09\/image_2023-09-13_09-44-29.png\" \/>\n\t<meta property=\"og:image:width\" content=\"800\" \/>\n\t<meta property=\"og:image:height\" content=\"500\" \/>\n\t<meta property=\"og:image:type\" content=\"image\/png\" \/>\n<meta name=\"twitter:card\" content=\"summary_large_image\" \/>\n<meta name=\"twitter:label1\" content=\"Est. reading time\" \/>\n\t<meta name=\"twitter:data1\" content=\"3 minutes\" \/>\n<script type=\"application\/ld+json\" class=\"yoast-schema-graph\">{\"@context\":\"https:\/\/schema.org\",\"@graph\":[{\"@type\":\"WebPage\",\"@id\":\"https:\/\/hva.group\/thong-diep-lanh-dao\/\",\"url\":\"https:\/\/hva.group\/thong-diep-lanh-dao\/\",\"name\":\"Th\u00f4ng \u0110i\u1ec7p L\u00e3nh \u0110\u1ea1o HVA - Cam K\u1ebft \u0110\u1ed5i M\u1edbi v\u00e0 Ph\u00e1t Tri\u1ec3n B\u1ec1n V\u1eefng\",\"isPartOf\":{\"@id\":\"https:\/\/hva.group\/#website\"},\"primaryImageOfPage\":{\"@id\":\"https:\/\/hva.group\/thong-diep-lanh-dao\/#primaryimage\"},\"image\":{\"@id\":\"https:\/\/hva.group\/thong-diep-lanh-dao\/#primaryimage\"},\"thumbnailUrl\":\"https:\/\/hva.group\/wp-content\/uploads\/2023\/09\/image_2023-09-13_09-44-29.png\",\"datePublished\":\"2023-09-13T02:42:22+00:00\",\"dateModified\":\"2024-09-21T09:12:53+00:00\",\"description\":\"Ban l\u00e3nh \u0111\u1ea1o HVA cam k\u1ebft \u0111\u01b0a c\u00f4ng ty tr\u1edf th\u00e0nh t\u1eadp \u0111o\u00e0n t\u00e0i ch\u00ednh h\u00e0ng \u0111\u1ea7u Vi\u1ec7t Nam, v\u1edbi s\u1ef1 s\u00e1ng t\u1ea1o v\u00e0 t\u1eadn t\u00e2m, h\u01b0\u1edbng t\u1edbi m\u1ee5c ti\u00eau ph\u00e1t tri\u1ec3n b\u1ec1n v\u1eefng.\",\"breadcrumb\":{\"@id\":\"https:\/\/hva.group\/thong-diep-lanh-dao\/#breadcrumb\"},\"inLanguage\":\"en-US\",\"potentialAction\":[{\"@type\":\"ReadAction\",\"target\":[\"https:\/\/hva.group\/thong-diep-lanh-dao\/\"]}]},{\"@type\":\"ImageObject\",\"inLanguage\":\"en-US\",\"@id\":\"https:\/\/hva.group\/thong-diep-lanh-dao\/#primaryimage\",\"url\":\"https:\/\/hva.group\/wp-content\/uploads\/2023\/09\/image_2023-09-13_09-44-29.png\",\"contentUrl\":\"https:\/\/hva.group\/wp-content\/uploads\/2023\/09\/image_2023-09-13_09-44-29.png\",\"width\":800,\"height\":500,\"caption\":\"Th\u00f4ng \u0111i\u1ec7p l\u00e3nh \u0111\u1ea1o\"},{\"@type\":\"BreadcrumbList\",\"@id\":\"https:\/\/hva.group\/thong-diep-lanh-dao\/#breadcrumb\",\"itemListElement\":[{\"@type\":\"ListItem\",\"position\":1,\"name\":\"Trang ch\u1ee7\",\"item\":\"https:\/\/hva.group\/\"},{\"@type\":\"ListItem\",\"position\":2,\"name\":\"Th\u00f4ng \u0111i\u1ec7p l\u00e3nh \u0111\u1ea1o\"}]},{\"@type\":\"WebSite\",\"@id\":\"https:\/\/hva.group\/#website\",\"url\":\"https:\/\/hva.group\/\",\"name\":\"HVA Group\",\"description\":\"\",\"publisher\":{\"@id\":\"https:\/\/hva.group\/#organization\"},\"potentialAction\":[{\"@type\":\"SearchAction\",\"target\":{\"@type\":\"EntryPoint\",\"urlTemplate\":\"https:\/\/hva.group\/?s={search_term_string}\"},\"query-input\":{\"@type\":\"PropertyValueSpecification\",\"valueRequired\":true,\"valueName\":\"search_term_string\"}}],\"inLanguage\":\"en-US\"},{\"@type\":\"Organization\",\"@id\":\"https:\/\/hva.group\/#organization\",\"name\":\"HVA Group\",\"url\":\"https:\/\/hva.group\/\",\"logo\":{\"@type\":\"ImageObject\",\"inLanguage\":\"en-US\",\"@id\":\"https:\/\/hva.group\/#\/schema\/logo\/image\/\",\"url\":\"https:\/\/hva.group\/wp-content\/uploads\/2023\/11\/HVA-200-X-200.png\",\"contentUrl\":\"https:\/\/hva.group\/wp-content\/uploads\/2023\/11\/HVA-200-X-200.png\",\"width\":200,\"height\":200,\"caption\":\"HVA Group\"},\"image\":{\"@id\":\"https:\/\/hva.group\/#\/schema\/logo\/image\/\"}}]}<\/script>\n<!-- \/ Yoast SEO Premium plugin. -->","yoast_head_json":{"title":"HVA Leadership Message - Commitment to Innovation and Sustainable Development","description":"HVA&#039;s Board of Directors is committed to making the company a leading financial group in Vietnam, with creativity and dedication, aiming for sustainable development.","robots":{"index":"index","follow":"follow","max-snippet":"max-snippet:-1","max-image-preview":"max-image-preview:large","max-video-preview":"max-video-preview:-1"},"canonical":"https:\/\/hva.group\/en\/wp-json\/wp\/v2\/pages\/712","og_locale":"en_US","og_type":"article","og_title":"Th\u00f4ng \u0111i\u1ec7p l\u00e3nh \u0111\u1ea1o","og_description":"Ban l\u00e3nh \u0111\u1ea1o HVA cam k\u1ebft \u0111\u01b0a c\u00f4ng ty tr\u1edf th\u00e0nh t\u1eadp \u0111o\u00e0n t\u00e0i ch\u00ednh h\u00e0ng \u0111\u1ea7u Vi\u1ec7t Nam, v\u1edbi s\u1ef1 s\u00e1ng t\u1ea1o v\u00e0 t\u1eadn t\u00e2m, h\u01b0\u1edbng t\u1edbi m\u1ee5c ti\u00eau ph\u00e1t tri\u1ec3n b\u1ec1n v\u1eefng.","og_url":"https:\/\/hva.group\/en\/cold-message\/","og_site_name":"HVA Group","article_modified_time":"2024-09-21T09:12:53+00:00","og_image":[{"width":800,"height":500,"url":"https:\/\/hva.group\/wp-content\/uploads\/2023\/09\/image_2023-09-13_09-44-29.png","type":"image\/png"}],"twitter_card":"summary_large_image","twitter_misc":{"Est. reading time":"3 minutes"},"schema":{"@context":"https:\/\/schema.org","@graph":[{"@type":"WebPage","@id":"https:\/\/hva.group\/thong-diep-lanh-dao\/","url":"https:\/\/hva.group\/thong-diep-lanh-dao\/","name":"HVA Leadership Message - Commitment to Innovation and Sustainable Development","isPartOf":{"@id":"https:\/\/hva.group\/#website"},"primaryImageOfPage":{"@id":"https:\/\/hva.group\/thong-diep-lanh-dao\/#primaryimage"},"image":{"@id":"https:\/\/hva.group\/thong-diep-lanh-dao\/#primaryimage"},"thumbnailUrl":"https:\/\/hva.group\/wp-content\/uploads\/2023\/09\/image_2023-09-13_09-44-29.png","datePublished":"2023-09-13T02:42:22+00:00","dateModified":"2024-09-21T09:12:53+00:00","description":"HVA&#039;s Board of Directors is committed to making the company a leading financial group in Vietnam, with creativity and dedication, aiming for sustainable development.","breadcrumb":{"@id":"https:\/\/hva.group\/thong-diep-lanh-dao\/#breadcrumb"},"inLanguage":"en-US","potentialAction":[{"@type":"ReadAction","target":["https:\/\/hva.group\/thong-diep-lanh-dao\/"]}]},{"@type":"ImageObject","inLanguage":"en-US","@id":"https:\/\/hva.group\/thong-diep-lanh-dao\/#primaryimage","url":"https:\/\/hva.group\/wp-content\/uploads\/2023\/09\/image_2023-09-13_09-44-29.png","contentUrl":"https:\/\/hva.group\/wp-content\/uploads\/2023\/09\/image_2023-09-13_09-44-29.png","width":800,"height":500,"caption":"Th\u00f4ng \u0111i\u1ec7p l\u00e3nh \u0111\u1ea1o"},{"@type":"BreadcrumbList","@id":"https:\/\/hva.group\/thong-diep-lanh-dao\/#breadcrumb","itemListElement":[{"@type":"ListItem","position":1,"name":"Trang ch\u1ee7","item":"https:\/\/hva.group\/"},{"@type":"ListItem","position":2,"name":"Th\u00f4ng \u0111i\u1ec7p l\u00e3nh \u0111\u1ea1o"}]},{"@type":"WebSite","@id":"https:\/\/hva.group\/#website","url":"https:\/\/hva.group\/","name":"HVA Group","description":"","publisher":{"@id":"https:\/\/hva.group\/#organization"},"potentialAction":[{"@type":"SearchAction","target":{"@type":"EntryPoint","urlTemplate":"https:\/\/hva.group\/?s={search_term_string}"},"query-input":{"@type":"PropertyValueSpecification","valueRequired":true,"valueName":"search_term_string"}}],"inLanguage":"en-US"},{"@type":"Organization","@id":"https:\/\/hva.group\/#organization","name":"HVA Group","url":"https:\/\/hva.group\/","logo":{"@type":"ImageObject","inLanguage":"en-US","@id":"https:\/\/hva.group\/#\/schema\/logo\/image\/","url":"https:\/\/hva.group\/wp-content\/uploads\/2023\/11\/HVA-200-X-200.png","contentUrl":"https:\/\/hva.group\/wp-content\/uploads\/2023\/11\/HVA-200-X-200.png","width":200,"height":200,"caption":"HVA Group"},"image":{"@id":"https:\/\/hva.group\/#\/schema\/logo\/image\/"}}]}},"_links":{"self":[{"href":"https:\/\/hva.group\/en\/wp-json\/wp\/v2\/pages\/712","targetHints":{"allow":["GET"]}}],"collection":[{"href":"https:\/\/hva.group\/en\/wp-json\/wp\/v2\/pages"}],"about":[{"href":"https:\/\/hva.group\/en\/wp-json\/wp\/v2\/types\/page"}],"author":[{"embeddable":true,"href":"https:\/\/hva.group\/en\/wp-json\/wp\/v2\/users\/2"}],"replies":[{"embeddable":true,"href":"https:\/\/hva.group\/en\/wp-json\/wp\/v2\/comments?post=712"}],"version-history":[{"count":0,"href":"https:\/\/hva.group\/en\/wp-json\/wp\/v2\/pages\/712\/revisions"}],"wp:featuredmedia":[{"embeddable":true,"href":"https:\/\/hva.group\/en\/wp-json\/wp\/v2\/media\/726"}],"wp:attachment":[{"href":"https:\/\/hva.group\/en\/wp-json\/wp\/v2\/media?parent=712"}],"curies":[{"name":"wp","href":"https:\/\/api.w.org\/{rel}","templated":true}]}}