

{"id":1529,"date":"2023-11-14T10:01:08","date_gmt":"2023-11-14T03:01:08","guid":{"rendered":"https:\/\/demo-hvagroup.deltalabsjsc.com\/?page_id=1529"},"modified":"2023-12-08T15:41:27","modified_gmt":"2023-12-08T08:41:27","slug":"business-profile","status":"publish","type":"page","link":"https:\/\/hva.group\/en\/business-profile\/","title":{"rendered":"Business Profile"},"content":{"rendered":"<div data-elementor-type=\"wp-page\" data-elementor-id=\"1529\" class=\"elementor elementor-1529\" data-elementor-post-type=\"page\">\n\t\t\t\t<div class=\"elementor-element elementor-element-00792c3 e-flex e-con-boxed e-con e-parent\" data-id=\"00792c3\" data-element_type=\"container\" data-settings=\"{&quot;background_background&quot;:&quot;classic&quot;}\">\n\t\t\t\t\t<div class=\"e-con-inner\">\n\t\t\t\t<div class=\"elementor-element elementor-element-8a847af elementor-align-center elementor-widget elementor-widget-breadcrumbs\" data-id=\"8a847af\" data-element_type=\"widget\" data-widget_type=\"breadcrumbs.default\">\n\t\t\t\t<div class=\"elementor-widget-container\">\n\t\t\t\t\t<p id=\"breadcrumbs\"><span><span><a href=\"https:\/\/hva.group\/en\/\">Home<\/a><\/span><\/span><\/p>\t\t\t\t<\/div>\n\t\t\t\t<\/div>\n\t\t\t\t<div class=\"elementor-element elementor-element-17a1e53 elementor-widget elementor-widget-heading\" data-id=\"17a1e53\" data-element_type=\"widget\" data-widget_type=\"heading.default\">\n\t\t\t\t<div class=\"elementor-widget-container\">\n\t\t\t\t\t<h2 class=\"elementor-heading-title elementor-size-default\">Business Profile<\/h2>\t\t\t\t<\/div>\n\t\t\t\t<\/div>\n\t\t\t\t<div class=\"elementor-element elementor-element-ae26766 elementor-widget elementor-widget-jet-listing-grid\" data-id=\"ae26766\" data-element_type=\"widget\" data-settings=\"{&quot;columns&quot;:&quot;1&quot;}\" data-widget_type=\"jet-listing-grid.default\">\n\t\t\t\t<div class=\"elementor-widget-container\">\n\t\t\t\t\t<div class=\"jet-listing-grid jet-listing\"><div class=\"jet-listing-grid__items grid-col-desk-1 grid-col-tablet-1 grid-col-mobile-1 jet-listing-grid--1557\" data-queried-id=\"1529|WP_Post\" data-nav=\"{&quot;enabled&quot;:false,&quot;type&quot;:null,&quot;more_el&quot;:null,&quot;query&quot;:[],&quot;widget_settings&quot;:{&quot;lisitng_id&quot;:1557,&quot;posts_num&quot;:999,&quot;columns&quot;:1,&quot;columns_tablet&quot;:1,&quot;columns_mobile&quot;:1,&quot;is_archive_template&quot;:&quot;&quot;,&quot;post_status&quot;:[&quot;publish&quot;],&quot;use_random_posts_num&quot;:&quot;&quot;,&quot;max_posts_num&quot;:9,&quot;not_found_message&quot;:&quot;No data was found&quot;,&quot;is_masonry&quot;:false,&quot;equal_columns_height&quot;:&quot;&quot;,&quot;use_load_more&quot;:&quot;&quot;,&quot;load_more_id&quot;:&quot;&quot;,&quot;load_more_type&quot;:&quot;click&quot;,&quot;load_more_offset&quot;:{&quot;unit&quot;:&quot;px&quot;,&quot;size&quot;:0,&quot;sizes&quot;:[]},&quot;use_custom_post_types&quot;:&quot;&quot;,&quot;custom_post_types&quot;:[],&quot;hide_widget_if&quot;:&quot;&quot;,&quot;carousel_enabled&quot;:&quot;&quot;,&quot;slides_to_scroll&quot;:&quot;1&quot;,&quot;arrows&quot;:&quot;true&quot;,&quot;arrow_icon&quot;:&quot;fa fa-angle-left&quot;,&quot;dots&quot;:&quot;&quot;,&quot;autoplay&quot;:&quot;true&quot;,&quot;pause_on_hover&quot;:&quot;true&quot;,&quot;autoplay_speed&quot;:5000,&quot;infinite&quot;:&quot;true&quot;,&quot;center_mode&quot;:&quot;&quot;,&quot;effect&quot;:&quot;slide&quot;,&quot;speed&quot;:500,&quot;inject_alternative_items&quot;:&quot;&quot;,&quot;injection_items&quot;:[],&quot;scroll_slider_enabled&quot;:&quot;&quot;,&quot;scroll_slider_on&quot;:[&quot;desktop&quot;,&quot;tablet&quot;,&quot;mobile&quot;],&quot;custom_query&quot;:false,&quot;custom_query_id&quot;:&quot;&quot;,&quot;_element_id&quot;:&quot;&quot;,&quot;collapse_first_last_gap&quot;:false,&quot;list_items_wrapper_tag&quot;:&quot;div&quot;,&quot;list_item_tag&quot;:&quot;div&quot;,&quot;empty_items_wrapper_tag&quot;:&quot;div&quot;}}\" data-page=\"1\" data-pages=\"1\" data-listing-source=\"posts\" data-listing-id=\"1557\" data-query-id=\"\"><div class=\"jet-listing-grid__item jet-listing-dynamic-post-1552\" data-post-id=\"1552\" >\t\t<div data-elementor-type=\"jet-listing-items\" data-elementor-id=\"1557\" class=\"elementor elementor-1557\" data-elementor-post-type=\"jet-engine\">\n\t\t\t\t<div class=\"elementor-element elementor-element-c550287 e-flex e-con-boxed e-con e-parent\" data-id=\"c550287\" data-element_type=\"container\">\n\t\t\t\t\t<div class=\"e-con-inner\">\n\t\t<div class=\"elementor-element elementor-element-592306b e-con-full e-flex e-con e-child\" data-id=\"592306b\" data-element_type=\"container\">\n\t\t\t\t<div class=\"elementor-element elementor-element-5a55bf5 elementor-view-default elementor-widget elementor-widget-icon\" data-id=\"5a55bf5\" data-element_type=\"widget\" data-widget_type=\"icon.default\">\n\t\t\t\t<div class=\"elementor-widget-container\">\n\t\t\t\t\t\t\t<div class=\"elementor-icon-wrapper\">\n\t\t\t<div class=\"elementor-icon\">\n\t\t\t<i aria-hidden=\"true\" class=\"fas fa-file-pdf\"><\/i>\t\t\t<\/div>\n\t\t<\/div>\n\t\t\t\t\t\t<\/div>\n\t\t\t\t<\/div>\n\t\t\t\t<\/div>\n\t\t<div class=\"elementor-element elementor-element-f9aebd5 e-con-full e-flex e-con e-child\" data-id=\"f9aebd5\" data-element_type=\"container\">\n\t\t\t\t<div class=\"elementor-element elementor-element-7452df6 elementor-widget elementor-widget-jet-listing-dynamic-link\" data-id=\"7452df6\" data-element_type=\"widget\" data-widget_type=\"jet-listing-dynamic-link.default\">\n\t\t\t\t<div class=\"elementor-widget-container\">\n\t\t\t\t\t<div class=\"jet-listing jet-listing-dynamic-link\"><a href=\"\/wp-content\/uploads\/2023\/11\/VRE-Ban-cao-bach-Niem-Yet-1.pdf\" class=\"jet-listing-dynamic-link__link\" target=\"_blank\"><span class=\"jet-listing-dynamic-link__label\">Vincom Retail JSC \u2013 Listing prospectus 2017<\/span><\/a><\/div>\t\t\t\t<\/div>\n\t\t\t\t<\/div>\n\t\t\t\t<\/div>\n\t\t<div class=\"elementor-element elementor-element-c3812f1 e-con-full e-flex e-con e-child\" data-id=\"c3812f1\" data-element_type=\"container\">\n\t\t\t\t<div class=\"elementor-element elementor-element-4225ef6 elementor-widget elementor-widget-jet-listing-dynamic-meta\" data-id=\"4225ef6\" data-element_type=\"widget\" data-widget_type=\"jet-listing-dynamic-meta.default\">\n\t\t\t\t<div class=\"elementor-widget-container\">\n\t\t\t\t\t<div class=\"jet-listing jet-listing-dynamic-meta meta-layout-inline\"><div class=\"jet-listing-dynamic-meta__date jet-listing-dynamic-meta__item\"><a href=\"https:\/\/hva.group\/en\/2023\/11\/\" class=\"jet-listing-dynamic-meta__item-val\"><time datetime=\"2023-11-14T10:20:20+07:00\">14-11-2023<\/time><\/a><\/div><\/div>\t\t\t\t<\/div>\n\t\t\t\t<\/div>\n\t\t\t\t<\/div>\n\t\t\t\t\t<\/div>\n\t\t\t\t<\/div>\n\t\t<div class=\"elementor-element elementor-element-764c702 e-flex e-con-boxed e-con e-parent\" data-id=\"764c702\" data-element_type=\"container\">\n\t\t\t\t\t<div class=\"e-con-inner\">\n\t\t\t\t<div class=\"elementor-element elementor-element-40114b5 elementor-widget-divider--view-line elementor-widget elementor-widget-divider\" data-id=\"40114b5\" data-element_type=\"widget\" data-widget_type=\"divider.default\">\n\t\t\t\t<div class=\"elementor-widget-container\">\n\t\t\t\t\t\t\t<div class=\"elementor-divider\">\n\t\t\t<span class=\"elementor-divider-separator\">\n\t\t\t\t\t\t<\/span>\n\t\t<\/div>\n\t\t\t\t\t\t<\/div>\n\t\t\t\t<\/div>\n\t\t\t\t\t<\/div>\n\t\t\t\t<\/div>\n\t\t\t\t<\/div>\n\t\t<\/div><\/div><\/div>\t\t\t\t<\/div>\n\t\t\t\t<\/div>\n\t\t\t\t\t<\/div>\n\t\t\t\t<\/div>\n\t\t\t\t<\/div>","protected":false},"excerpt":{"rendered":"<p>Business Profile 11-14-2023<\/p>","protected":false},"author":1,"featured_media":1539,"parent":0,"menu_order":0,"comment_status":"closed","ping_status":"closed","template":"","meta":{"_acf_changed":false,"footnotes":""},"class_list":["post-1529","page","type-page","status-publish","has-post-thumbnail","hentry"],"acf":[],"yoast_head":"<!-- This site is optimized with the Yoast SEO Premium plugin v23.2 (Yoast SEO v26.8) - https:\/\/yoast.com\/product\/yoast-seo-premium-wordpress\/ -->\n<title>H\u1ed3 s\u01a1 doanh nghi\u1ec7p - HVA Group<\/title>\n<meta name=\"description\" content=\"C\u1ed5 phi\u1ebfu HVA l\u00e0 m\u00e3 c\u1ed5 phi\u1ebfu sinh l\u1eddi b\u1ec1n v\u1eefng c\u1ee7a C\u00f4ng ty C\u1ed5 ph\u1ea7n \u0110\u1ea7u t\u01b0 HVA, th\u00e0nh vi\u00ean c\u1ee7a Qu\u1ef9 \u0111\u1ea7u t\u01b0 kh\u1edfi nghi\u1ec7p s\u00e1ng t\u1ea1o FUNDGO ho\u1ea1t \u0111\u1ed9ng trong l\u0129nh v\u1ef1c \u0111\u1ea7u t\u01b0 v\u00e0 c\u00f4ng ngh\u1ec7. Ch\u00fang t\u00f4i \u0111\u1ea3m b\u1ea3o an to\u00e0n v\u00e0 sinh l\u1ee3i cho \u0111\u1ed1i t\u00e1c, t\u1eebng b\u01b0\u1edbc \u0111\u01b0a ra nh\u1eefng gi\u1ea3i ph\u00e1p \u0111\u1ea7u t\u01b0 hi\u1ec7u qu\u1ea3 cao v\u00e0 b\u1ec1n v\u1eefng.\" \/>\n<meta name=\"robots\" content=\"index, follow, max-snippet:-1, max-image-preview:large, max-video-preview:-1\" \/>\n<link rel=\"canonical\" href=\"https:\/\/hva.group\/en\/wp-json\/wp\/v2\/pages\/1529\" \/>\n<meta property=\"og:locale\" content=\"en_US\" \/>\n<meta property=\"og:type\" content=\"article\" \/>\n<meta property=\"og:title\" content=\"H\u1ed3 s\u01a1 doanh nghi\u1ec7p\" \/>\n<meta property=\"og:description\" content=\"C\u1ed5 phi\u1ebfu HVA l\u00e0 m\u00e3 c\u1ed5 phi\u1ebfu sinh l\u1eddi b\u1ec1n v\u1eefng c\u1ee7a C\u00f4ng ty C\u1ed5 ph\u1ea7n \u0110\u1ea7u t\u01b0 HVA, th\u00e0nh vi\u00ean c\u1ee7a Qu\u1ef9 \u0111\u1ea7u t\u01b0 kh\u1edfi nghi\u1ec7p s\u00e1ng t\u1ea1o FUNDGO ho\u1ea1t \u0111\u1ed9ng trong l\u0129nh v\u1ef1c \u0111\u1ea7u t\u01b0 v\u00e0 c\u00f4ng ngh\u1ec7. Ch\u00fang t\u00f4i \u0111\u1ea3m b\u1ea3o an to\u00e0n v\u00e0 sinh l\u1ee3i cho \u0111\u1ed1i t\u00e1c, t\u1eebng b\u01b0\u1edbc \u0111\u01b0a ra nh\u1eefng gi\u1ea3i ph\u00e1p \u0111\u1ea7u t\u01b0 hi\u1ec7u qu\u1ea3 cao v\u00e0 b\u1ec1n v\u1eefng.\" \/>\n<meta property=\"og:url\" content=\"https:\/\/hva.group\/en\/business-profile\/\" \/>\n<meta property=\"og:site_name\" content=\"HVA Group\" \/>\n<meta property=\"article:modified_time\" content=\"2023-12-08T08:41:27+00:00\" \/>\n<meta property=\"og:image\" content=\"https:\/\/hva.group\/wp-content\/uploads\/2023\/11\/Ho-so-doanh-nghiep.png\" \/>\n\t<meta property=\"og:image:width\" content=\"800\" \/>\n\t<meta property=\"og:image:height\" content=\"500\" \/>\n\t<meta property=\"og:image:type\" content=\"image\/png\" \/>\n<meta name=\"twitter:card\" content=\"summary_large_image\" \/>\n<meta name=\"twitter:label1\" content=\"Est. reading time\" \/>\n\t<meta name=\"twitter:data1\" content=\"1 minute\" \/>\n<script type=\"application\/ld+json\" class=\"yoast-schema-graph\">{\"@context\":\"https:\/\/schema.org\",\"@graph\":[{\"@type\":\"WebPage\",\"@id\":\"https:\/\/hva.group\/ho-so-doanh-nghie\/\",\"url\":\"https:\/\/hva.group\/ho-so-doanh-nghie\/\",\"name\":\"H\u1ed3 s\u01a1 doanh nghi\u1ec7p - HVA Group\",\"isPartOf\":{\"@id\":\"https:\/\/hva.group\/#website\"},\"primaryImageOfPage\":{\"@id\":\"https:\/\/hva.group\/ho-so-doanh-nghie\/#primaryimage\"},\"image\":{\"@id\":\"https:\/\/hva.group\/ho-so-doanh-nghie\/#primaryimage\"},\"thumbnailUrl\":\"https:\/\/hva.group\/wp-content\/uploads\/2023\/11\/Ho-so-doanh-nghiep.png\",\"datePublished\":\"2023-11-14T03:01:08+00:00\",\"dateModified\":\"2023-12-08T08:41:27+00:00\",\"description\":\"C\u1ed5 phi\u1ebfu HVA l\u00e0 m\u00e3 c\u1ed5 phi\u1ebfu sinh l\u1eddi b\u1ec1n v\u1eefng c\u1ee7a C\u00f4ng ty C\u1ed5 ph\u1ea7n \u0110\u1ea7u t\u01b0 HVA, th\u00e0nh vi\u00ean c\u1ee7a Qu\u1ef9 \u0111\u1ea7u t\u01b0 kh\u1edfi nghi\u1ec7p s\u00e1ng t\u1ea1o FUNDGO ho\u1ea1t \u0111\u1ed9ng trong l\u0129nh v\u1ef1c \u0111\u1ea7u t\u01b0 v\u00e0 c\u00f4ng ngh\u1ec7. Ch\u00fang t\u00f4i \u0111\u1ea3m b\u1ea3o an to\u00e0n v\u00e0 sinh l\u1ee3i cho \u0111\u1ed1i t\u00e1c, t\u1eebng b\u01b0\u1edbc \u0111\u01b0a ra nh\u1eefng gi\u1ea3i ph\u00e1p \u0111\u1ea7u t\u01b0 hi\u1ec7u qu\u1ea3 cao v\u00e0 b\u1ec1n v\u1eefng.\",\"breadcrumb\":{\"@id\":\"https:\/\/hva.group\/ho-so-doanh-nghie\/#breadcrumb\"},\"inLanguage\":\"en-US\",\"potentialAction\":[{\"@type\":\"ReadAction\",\"target\":[\"https:\/\/hva.group\/ho-so-doanh-nghie\/\"]}]},{\"@type\":\"ImageObject\",\"inLanguage\":\"en-US\",\"@id\":\"https:\/\/hva.group\/ho-so-doanh-nghie\/#primaryimage\",\"url\":\"https:\/\/hva.group\/wp-content\/uploads\/2023\/11\/Ho-so-doanh-nghiep.png\",\"contentUrl\":\"https:\/\/hva.group\/wp-content\/uploads\/2023\/11\/Ho-so-doanh-nghiep.png\",\"width\":800,\"height\":500},{\"@type\":\"BreadcrumbList\",\"@id\":\"https:\/\/hva.group\/ho-so-doanh-nghie\/#breadcrumb\",\"itemListElement\":[{\"@type\":\"ListItem\",\"position\":1,\"name\":\"Trang ch\u1ee7\",\"item\":\"https:\/\/hva.group\/\"},{\"@type\":\"ListItem\",\"position\":2,\"name\":\"H\u1ed3 s\u01a1 doanh nghi\u1ec7p\"}]},{\"@type\":\"WebSite\",\"@id\":\"https:\/\/hva.group\/#website\",\"url\":\"https:\/\/hva.group\/\",\"name\":\"HVA Group\",\"description\":\"\",\"publisher\":{\"@id\":\"https:\/\/hva.group\/#organization\"},\"potentialAction\":[{\"@type\":\"SearchAction\",\"target\":{\"@type\":\"EntryPoint\",\"urlTemplate\":\"https:\/\/hva.group\/?s={search_term_string}\"},\"query-input\":{\"@type\":\"PropertyValueSpecification\",\"valueRequired\":true,\"valueName\":\"search_term_string\"}}],\"inLanguage\":\"en-US\"},{\"@type\":\"Organization\",\"@id\":\"https:\/\/hva.group\/#organization\",\"name\":\"HVA Group\",\"url\":\"https:\/\/hva.group\/\",\"logo\":{\"@type\":\"ImageObject\",\"inLanguage\":\"en-US\",\"@id\":\"https:\/\/hva.group\/#\/schema\/logo\/image\/\",\"url\":\"https:\/\/hva.group\/wp-content\/uploads\/2023\/11\/HVA-200-X-200.png\",\"contentUrl\":\"https:\/\/hva.group\/wp-content\/uploads\/2023\/11\/HVA-200-X-200.png\",\"width\":200,\"height\":200,\"caption\":\"HVA Group\"},\"image\":{\"@id\":\"https:\/\/hva.group\/#\/schema\/logo\/image\/\"}}]}<\/script>\n<!-- \/ Yoast SEO Premium plugin. -->","yoast_head_json":{"title":"Company Profile - HVA Group","description":"HVA stock is a sustainable profitable stock code of HVA Investment Joint Stock Company, a member of FUNDGO Creative Startup Investment Fund operating in the field of investment and technology. We ensure safety and profitability for partners, step by step providing highly effective and sustainable investment solutions.","robots":{"index":"index","follow":"follow","max-snippet":"max-snippet:-1","max-image-preview":"max-image-preview:large","max-video-preview":"max-video-preview:-1"},"canonical":"https:\/\/hva.group\/en\/wp-json\/wp\/v2\/pages\/1529","og_locale":"en_US","og_type":"article","og_title":"H\u1ed3 s\u01a1 doanh nghi\u1ec7p","og_description":"C\u1ed5 phi\u1ebfu HVA l\u00e0 m\u00e3 c\u1ed5 phi\u1ebfu sinh l\u1eddi b\u1ec1n v\u1eefng c\u1ee7a C\u00f4ng ty C\u1ed5 ph\u1ea7n \u0110\u1ea7u t\u01b0 HVA, th\u00e0nh vi\u00ean c\u1ee7a Qu\u1ef9 \u0111\u1ea7u t\u01b0 kh\u1edfi nghi\u1ec7p s\u00e1ng t\u1ea1o FUNDGO ho\u1ea1t \u0111\u1ed9ng trong l\u0129nh v\u1ef1c \u0111\u1ea7u t\u01b0 v\u00e0 c\u00f4ng ngh\u1ec7. Ch\u00fang t\u00f4i \u0111\u1ea3m b\u1ea3o an to\u00e0n v\u00e0 sinh l\u1ee3i cho \u0111\u1ed1i t\u00e1c, t\u1eebng b\u01b0\u1edbc \u0111\u01b0a ra nh\u1eefng gi\u1ea3i ph\u00e1p \u0111\u1ea7u t\u01b0 hi\u1ec7u qu\u1ea3 cao v\u00e0 b\u1ec1n v\u1eefng.","og_url":"https:\/\/hva.group\/en\/business-profile\/","og_site_name":"HVA Group","article_modified_time":"2023-12-08T08:41:27+00:00","og_image":[{"width":800,"height":500,"url":"https:\/\/hva.group\/wp-content\/uploads\/2023\/11\/Ho-so-doanh-nghiep.png","type":"image\/png"}],"twitter_card":"summary_large_image","twitter_misc":{"Est. reading time":"1 minute"},"schema":{"@context":"https:\/\/schema.org","@graph":[{"@type":"WebPage","@id":"https:\/\/hva.group\/ho-so-doanh-nghie\/","url":"https:\/\/hva.group\/ho-so-doanh-nghie\/","name":"Company Profile - HVA Group","isPartOf":{"@id":"https:\/\/hva.group\/#website"},"primaryImageOfPage":{"@id":"https:\/\/hva.group\/ho-so-doanh-nghie\/#primaryimage"},"image":{"@id":"https:\/\/hva.group\/ho-so-doanh-nghie\/#primaryimage"},"thumbnailUrl":"https:\/\/hva.group\/wp-content\/uploads\/2023\/11\/Ho-so-doanh-nghiep.png","datePublished":"2023-11-14T03:01:08+00:00","dateModified":"2023-12-08T08:41:27+00:00","description":"HVA stock is a sustainable profitable stock code of HVA Investment Joint Stock Company, a member of FUNDGO Creative Startup Investment Fund operating in the field of investment and technology. We ensure safety and profitability for partners, step by step providing highly effective and sustainable investment solutions.","breadcrumb":{"@id":"https:\/\/hva.group\/ho-so-doanh-nghie\/#breadcrumb"},"inLanguage":"en-US","potentialAction":[{"@type":"ReadAction","target":["https:\/\/hva.group\/ho-so-doanh-nghie\/"]}]},{"@type":"ImageObject","inLanguage":"en-US","@id":"https:\/\/hva.group\/ho-so-doanh-nghie\/#primaryimage","url":"https:\/\/hva.group\/wp-content\/uploads\/2023\/11\/Ho-so-doanh-nghiep.png","contentUrl":"https:\/\/hva.group\/wp-content\/uploads\/2023\/11\/Ho-so-doanh-nghiep.png","width":800,"height":500},{"@type":"BreadcrumbList","@id":"https:\/\/hva.group\/ho-so-doanh-nghie\/#breadcrumb","itemListElement":[{"@type":"ListItem","position":1,"name":"Trang ch\u1ee7","item":"https:\/\/hva.group\/"},{"@type":"ListItem","position":2,"name":"H\u1ed3 s\u01a1 doanh nghi\u1ec7p"}]},{"@type":"WebSite","@id":"https:\/\/hva.group\/#website","url":"https:\/\/hva.group\/","name":"HVA Group","description":"","publisher":{"@id":"https:\/\/hva.group\/#organization"},"potentialAction":[{"@type":"SearchAction","target":{"@type":"EntryPoint","urlTemplate":"https:\/\/hva.group\/?s={search_term_string}"},"query-input":{"@type":"PropertyValueSpecification","valueRequired":true,"valueName":"search_term_string"}}],"inLanguage":"en-US"},{"@type":"Organization","@id":"https:\/\/hva.group\/#organization","name":"HVA Group","url":"https:\/\/hva.group\/","logo":{"@type":"ImageObject","inLanguage":"en-US","@id":"https:\/\/hva.group\/#\/schema\/logo\/image\/","url":"https:\/\/hva.group\/wp-content\/uploads\/2023\/11\/HVA-200-X-200.png","contentUrl":"https:\/\/hva.group\/wp-content\/uploads\/2023\/11\/HVA-200-X-200.png","width":200,"height":200,"caption":"HVA Group"},"image":{"@id":"https:\/\/hva.group\/#\/schema\/logo\/image\/"}}]}},"_links":{"self":[{"href":"https:\/\/hva.group\/en\/wp-json\/wp\/v2\/pages\/1529","targetHints":{"allow":["GET"]}}],"collection":[{"href":"https:\/\/hva.group\/en\/wp-json\/wp\/v2\/pages"}],"about":[{"href":"https:\/\/hva.group\/en\/wp-json\/wp\/v2\/types\/page"}],"author":[{"embeddable":true,"href":"https:\/\/hva.group\/en\/wp-json\/wp\/v2\/users\/1"}],"replies":[{"embeddable":true,"href":"https:\/\/hva.group\/en\/wp-json\/wp\/v2\/comments?post=1529"}],"version-history":[{"count":0,"href":"https:\/\/hva.group\/en\/wp-json\/wp\/v2\/pages\/1529\/revisions"}],"wp:featuredmedia":[{"embeddable":true,"href":"https:\/\/hva.group\/en\/wp-json\/wp\/v2\/media\/1539"}],"wp:attachment":[{"href":"https:\/\/hva.group\/en\/wp-json\/wp\/v2\/media?parent=1529"}],"curies":[{"name":"wp","href":"https:\/\/api.w.org\/{rel}","templated":true}]}}