

{"id":114,"date":"2023-09-08T02:41:16","date_gmt":"2023-09-08T02:41:16","guid":{"rendered":"https:\/\/demo-hva.deltalabsjsc.com\/?page_id=114"},"modified":"2025-07-11T11:22:20","modified_gmt":"2025-07-11T04:22:20","slug":"contact","status":"publish","type":"page","link":"https:\/\/hva.group\/en\/contact\/","title":{"rendered":"Contact"},"content":{"rendered":"<div data-elementor-type=\"wp-page\" data-elementor-id=\"114\" class=\"elementor elementor-114\" data-elementor-post-type=\"page\">\n\t\t\t\t<div class=\"elementor-element elementor-element-eaa7bf2 e-flex e-con-boxed e-con e-parent\" data-id=\"eaa7bf2\" data-element_type=\"container\" data-settings=\"{&quot;background_background&quot;:&quot;classic&quot;}\">\n\t\t\t\t\t<div class=\"e-con-inner\">\n\t\t\t\t<div class=\"elementor-element elementor-element-4c05571 elementor-align-left elementor-widget elementor-widget-breadcrumbs\" data-id=\"4c05571\" data-element_type=\"widget\" data-widget_type=\"breadcrumbs.default\">\n\t\t\t\t<div class=\"elementor-widget-container\">\n\t\t\t\t\t<p id=\"breadcrumbs\"><span><span><a href=\"https:\/\/hva.group\/en\/\">Home<\/a><\/span><\/span><\/p>\t\t\t\t<\/div>\n\t\t\t\t<\/div>\n\t\t\t\t<div class=\"elementor-element elementor-element-0ad685b elementor-widget elementor-widget-heading\" data-id=\"0ad685b\" data-element_type=\"widget\" data-widget_type=\"heading.default\">\n\t\t\t\t<div class=\"elementor-widget-container\">\n\t\t\t\t\t<h1 class=\"elementor-heading-title elementor-size-default\">Contact<\/h1>\t\t\t\t<\/div>\n\t\t\t\t<\/div>\n\t\t<div class=\"elementor-element elementor-element-eeace61 e-flex e-con-boxed e-con e-child\" data-id=\"eeace61\" data-element_type=\"container\">\n\t\t\t\t\t<div class=\"e-con-inner\">\n\t\t<div class=\"elementor-element elementor-element-77ec3e7 e-flex e-con-boxed e-con e-child\" data-id=\"77ec3e7\" data-element_type=\"container\">\n\t\t\t\t\t<div class=\"e-con-inner\">\n\t\t\t\t<div class=\"elementor-element elementor-element-ba0b388 elementor-widget elementor-widget-heading\" data-id=\"ba0b388\" data-element_type=\"widget\" data-widget_type=\"heading.default\">\n\t\t\t\t<div class=\"elementor-widget-container\">\n\t\t\t\t\t<h2 class=\"elementor-heading-title elementor-size-default\">Contact Information<\/h2>\t\t\t\t<\/div>\n\t\t\t\t<\/div>\n\t\t\t\t<div class=\"elementor-element elementor-element-ab0d3b8 elementor-widget elementor-widget-text-editor\" data-id=\"ab0d3b8\" data-element_type=\"widget\" data-widget_type=\"text-editor.default\">\n\t\t\t\t<div class=\"elementor-widget-container\">\n\t\t\t\t\t\t\t\t\t<p>Please leave a message, and we will call you back<\/p>\t\t\t\t\t\t\t\t<\/div>\n\t\t\t\t<\/div>\n\t\t\t\t<div class=\"elementor-element elementor-element-dafa5bc elementor-icon-list--layout-traditional elementor-list-item-link-full_width elementor-widget elementor-widget-icon-list\" data-id=\"dafa5bc\" data-element_type=\"widget\" data-widget_type=\"icon-list.default\">\n\t\t\t\t<div class=\"elementor-widget-container\">\n\t\t\t\t\t\t\t<ul class=\"elementor-icon-list-items\">\n\t\t\t\t\t\t\t<li class=\"elementor-icon-list-item\">\n\t\t\t\t\t\t\t\t\t\t\t<a href=\"tel:02923.826.688\">\n\n\t\t\t\t\t\t\t\t\t\t\t\t<span class=\"elementor-icon-list-icon\">\n\t\t\t\t\t\t\t<i aria-hidden=\"true\" class=\"fas fa-phone-alt\"><\/i>\t\t\t\t\t\t<\/span>\n\t\t\t\t\t\t\t\t\t\t<span class=\"elementor-icon-list-text\">02923.826.688<\/span>\n\t\t\t\t\t\t\t\t\t\t\t<\/a>\n\t\t\t\t\t\t\t\t\t<\/li>\n\t\t\t\t\t\t\t\t<li class=\"elementor-icon-list-item\">\n\t\t\t\t\t\t\t\t\t\t\t<a href=\"mailto:contact@hva.group\">\n\n\t\t\t\t\t\t\t\t\t\t\t\t<span class=\"elementor-icon-list-icon\">\n\t\t\t\t\t\t\t<i aria-hidden=\"true\" class=\"far fa-envelope\"><\/i>\t\t\t\t\t\t<\/span>\n\t\t\t\t\t\t\t\t\t\t<span class=\"elementor-icon-list-text\">contact@hva.group<\/span>\n\t\t\t\t\t\t\t\t\t\t\t<\/a>\n\t\t\t\t\t\t\t\t\t<\/li>\n\t\t\t\t\t\t\t\t<li class=\"elementor-icon-list-item\">\n\t\t\t\t\t\t\t\t\t\t\t<span class=\"elementor-icon-list-icon\">\n\t\t\t\t\t\t\t<i aria-hidden=\"true\" class=\"fas fa-map-marker-alt\"><\/i>\t\t\t\t\t\t<\/span>\n\t\t\t\t\t\t\t\t\t\t<span class=\"elementor-icon-list-text\">Can Tho: No. 81 Nguyen Hien, Residential Area 91B, Tan An Ward<\/span>\n\t\t\t\t\t\t\t\t\t<\/li>\n\t\t\t\t\t\t\t\t<li class=\"elementor-icon-list-item\">\n\t\t\t\t\t\t\t\t\t\t\t<span class=\"elementor-icon-list-icon\">\n\t\t\t\t\t\t\t<i aria-hidden=\"true\" class=\"fas fa-map-marker-alt\"><\/i>\t\t\t\t\t\t<\/span>\n\t\t\t\t\t\t\t\t\t\t<span class=\"elementor-icon-list-text\">Ho Chi Minh City: No. 32-32B-34-34A Bach Dang, Tan Son Hoa Ward<\/span>\n\t\t\t\t\t\t\t\t\t<\/li>\n\t\t\t\t\t\t\t\t<li class=\"elementor-icon-list-item\">\n\t\t\t\t\t\t\t\t\t\t\t<span class=\"elementor-icon-list-icon\">\n\t\t\t\t\t\t\t<i aria-hidden=\"true\" class=\"fas fa-map-marker-alt\"><\/i>\t\t\t\t\t\t<\/span>\n\t\t\t\t\t\t\t\t\t\t<span class=\"elementor-icon-list-text\">Da Nang: 16th Floor, Misa Building, No. 188, 30\/4 Street, Hoa Cuong Ward<\/span>\n\t\t\t\t\t\t\t\t\t<\/li>\n\t\t\t\t\t\t\t\t<li class=\"elementor-icon-list-item\">\n\t\t\t\t\t\t\t\t\t\t\t<span class=\"elementor-icon-list-icon\">\n\t\t\t\t\t\t\t<i aria-hidden=\"true\" class=\"fas fa-map-marker-alt\"><\/i>\t\t\t\t\t\t<\/span>\n\t\t\t\t\t\t\t\t\t\t<span class=\"elementor-icon-list-text\">Hanoi: 3rd Floor, SME Hoang Gia Building, Cau Do Street, Ha Dong Ward<\/span>\n\t\t\t\t\t\t\t\t\t<\/li>\n\t\t\t\t\t\t<\/ul>\n\t\t\t\t\t\t<\/div>\n\t\t\t\t<\/div>\n\t\t\t\t<div class=\"elementor-element elementor-element-62fb092 e-grid-align-left elementor-shape-rounded elementor-grid-0 elementor-widget elementor-widget-social-icons\" data-id=\"62fb092\" data-element_type=\"widget\" data-widget_type=\"social-icons.default\">\n\t\t\t\t<div class=\"elementor-widget-container\">\n\t\t\t\t\t\t\t<div class=\"elementor-social-icons-wrapper elementor-grid\">\n\t\t\t\t\t\t\t<span class=\"elementor-grid-item\">\n\t\t\t\t\t<a class=\"elementor-icon elementor-social-icon elementor-social-icon-facebook-f elementor-animation-buzz elementor-repeater-item-2b2f855\" href=\"https:\/\/www.facebook.com\/hva.group\" target=\"_blank\">\n\t\t\t\t\t\t<span class=\"elementor-screen-only\">Facebook-f<\/span>\n\t\t\t\t\t\t<i class=\"fab fa-facebook-f\"><\/i>\t\t\t\t\t<\/a>\n\t\t\t\t<\/span>\n\t\t\t\t\t\t\t<span class=\"elementor-grid-item\">\n\t\t\t\t\t<a class=\"elementor-icon elementor-social-icon elementor-social-icon- elementor-animation-buzz elementor-repeater-item-afb0371\" href=\"https:\/\/zalo.me\/3769913750782653687\" target=\"_blank\">\n\t\t\t\t\t\t<span class=\"elementor-screen-only\"><\/span>\n\t\t\t\t\t\t<svg xmlns=\"http:\/\/www.w3.org\/2000\/svg\" width=\"32\" height=\"32\" viewbox=\"0 0 32 32\" fill=\"none\"><g clip-path=\"url(#clip0_150_325)\"><path d=\"M3.80952 0C1.71429 0 0 1.71429 0 3.80952V28.1905C0 30.2857 1.71429 32 3.80952 32H28.1905C30.2857 32 32 30.2857 32 28.1905V3.80952C32 1.71429 30.2857 0 28.1905 0H3.80952ZM3.80952 1.52381H8.82286C6.10286 4.35556 4.57143 8.0127 4.57143 11.8095C4.57143 15.6063 6.17905 19.5048 9.07429 22.3543C9.16571 22.5143 9.24191 23.299 8.89143 24.2057C8.67048 24.7771 8.22857 25.5238 7.37524 25.8057C7.04762 25.9124 6.83429 26.2349 6.85714 26.5778C6.88 26.9206 7.13143 27.2102 7.46667 27.2787C9.65333 27.713 11.0705 27.0578 12.2133 26.5397C13.2419 26.0673 13.92 25.7473 14.9638 26.174C17.0971 27.0044 19.3676 27.4311 21.7143 27.4311C24.833 27.4311 27.8324 26.6692 30.4762 25.2317V28.193C30.4762 29.4654 29.4629 30.4787 28.1905 30.4787H3.80952C2.53714 30.4787 1.52381 29.4654 1.52381 28.193V3.80952C1.52381 2.53714 2.53714 1.52381 3.80952 1.52381ZM22.0952 8.38095C22.5143 8.38095 22.8571 8.72381 22.8571 9.14286V16C22.8571 16.419 22.5143 16.7619 22.0952 16.7619C21.6762 16.7619 21.3333 16.419 21.3333 16V9.14286C21.3333 8.72381 21.6762 8.38095 22.0952 8.38095ZM10.6667 9.14286H14.4762C14.7505 9.14286 15.0095 9.29524 15.1467 9.53905C15.2762 9.77524 15.2686 10.0724 15.1238 10.3086L12.0381 15.2381H14.4762C14.8952 15.2381 15.2381 15.581 15.2381 16C15.2381 16.419 14.8952 16.7619 14.4762 16.7619H10.6667C10.3924 16.7619 10.1333 16.6095 9.99619 16.3657C9.86667 16.1295 9.87429 15.8324 10.019 15.5962L13.1048 10.6667H10.6667C10.2476 10.6667 9.90476 10.3238 9.90476 9.90476C9.90476 9.48571 10.2476 9.14286 10.6667 9.14286ZM17.9048 11.4286C18.3695 11.4286 18.8038 11.5581 19.1924 11.7714C19.3295 11.5733 19.5429 11.4286 19.8095 11.4286C20.2286 11.4286 20.5714 11.7714 20.5714 12.1905V16C20.5714 16.419 20.2286 16.7619 19.8095 16.7619C19.5429 16.7619 19.3295 16.6171 19.1924 16.419C18.8038 16.6324 18.3695 16.7619 17.9048 16.7619C16.4343 16.7619 15.2381 15.5657 15.2381 14.0952C15.2381 12.6248 16.4343 11.4286 17.9048 11.4286ZM26.2857 11.4286C27.7562 11.4286 28.9524 12.6248 28.9524 14.0952C28.9524 15.5657 27.7562 16.7619 26.2857 16.7619C24.8152 16.7619 23.619 15.5657 23.619 14.0952C23.619 12.6248 24.8152 11.4286 26.2857 11.4286ZM17.9048 12.9524C17.826 12.9524 17.7498 12.96 17.6737 12.9752C17.5238 13.0057 17.3867 13.0641 17.2648 13.1454C17.1429 13.2267 17.0387 13.3308 16.9575 13.4527C16.8762 13.5746 16.8178 13.7117 16.7873 13.8616C16.7721 13.9352 16.7644 14.014 16.7644 14.0927C16.7644 14.1714 16.7721 14.2476 16.7873 14.3238C16.8025 14.4 16.8229 14.4686 16.8533 14.5371C16.8838 14.6057 16.9168 14.6717 16.96 14.7327C17.0032 14.7937 17.0489 14.8495 17.0997 14.9003C17.1505 14.9511 17.2064 14.9994 17.2673 15.04C17.3892 15.1213 17.5264 15.1797 17.6762 15.2102C17.7498 15.2254 17.8286 15.233 17.9073 15.233C17.986 15.233 18.0622 15.2254 18.1384 15.2102C18.659 15.1035 19.0502 14.6438 19.0502 14.0902C19.0502 13.4578 18.5397 12.9473 17.9073 12.9473L17.9048 12.9524ZM26.2857 12.9524C26.207 12.9524 26.1308 12.96 26.0546 12.9752C25.9784 12.9905 25.9098 13.0108 25.8413 13.0413C25.7727 13.0692 25.7067 13.1048 25.6457 13.1479C25.5848 13.1911 25.5289 13.2368 25.4781 13.2876C25.374 13.3917 25.2902 13.5137 25.2317 13.6508C25.2038 13.7194 25.181 13.7905 25.1657 13.8641C25.1505 13.9378 25.1429 14.0165 25.1429 14.0952C25.1429 14.174 25.1505 14.2502 25.1657 14.3264C25.181 14.4025 25.2013 14.4711 25.2317 14.5397C25.2622 14.6083 25.2952 14.6743 25.3384 14.7352C25.3816 14.7962 25.4273 14.8521 25.4781 14.9029C25.5289 14.9537 25.5848 15.0019 25.6457 15.0425C25.7067 15.0832 25.7727 15.1187 25.8413 15.1492C25.9098 15.1771 25.981 15.2 26.0546 15.2152C26.1283 15.2305 26.207 15.2381 26.2857 15.2381C26.3644 15.2381 26.4406 15.2305 26.5168 15.2152C27.0375 15.1086 27.4286 14.6489 27.4286 14.0952C27.4286 13.4629 26.9181 12.9524 26.2857 12.9524Z\" fill=\"black\"><\/path><\/g><defs><clippath id=\"clip0_150_325\"><rect width=\"32\" height=\"32\" fill=\"white\"><\/rect><\/clippath><\/defs><\/svg>\t\t\t\t\t<\/a>\n\t\t\t\t<\/span>\n\t\t\t\t\t\t\t<span class=\"elementor-grid-item\">\n\t\t\t\t\t<a class=\"elementor-icon elementor-social-icon elementor-social-icon-twitter elementor-animation-buzz elementor-repeater-item-ef4e5e5\" href=\"https:\/\/twitter.com\/hva_group\" target=\"_blank\">\n\t\t\t\t\t\t<span class=\"elementor-screen-only\">Twitter<\/span>\n\t\t\t\t\t\t<i class=\"fab fa-twitter\"><\/i>\t\t\t\t\t<\/a>\n\t\t\t\t<\/span>\n\t\t\t\t\t<\/div>\n\t\t\t\t\t\t<\/div>\n\t\t\t\t<\/div>\n\t\t\t\t\t<\/div>\n\t\t\t\t<\/div>\n\t\t<div class=\"elementor-element elementor-element-dda560d e-flex e-con-boxed e-con e-child\" data-id=\"dda560d\" data-element_type=\"container\" data-settings=\"{&quot;background_background&quot;:&quot;classic&quot;}\">\n\t\t\t\t\t<div class=\"e-con-inner\">\n\t\t\t\t<div class=\"elementor-element elementor-element-b685575 elementor-button-align-end elementor-widget elementor-widget-form\" data-id=\"b685575\" data-element_type=\"widget\" data-settings=\"{&quot;step_next_label&quot;:&quot;Next&quot;,&quot;step_previous_label&quot;:&quot;Previous&quot;,&quot;button_width&quot;:&quot;100&quot;,&quot;step_type&quot;:&quot;number_text&quot;,&quot;step_icon_shape&quot;:&quot;circle&quot;}\" data-widget_type=\"form.default\">\n\t\t\t\t<div class=\"elementor-widget-container\">\n\t\t\t\t\t\t\t<form class=\"elementor-form\" method=\"post\" name=\"Form li\u00ean h\u1ec7 web HVA\" action=\"\">\n\t\t\t<input type=\"hidden\" name=\"post_id\" value=\"114\"\/>\n\t\t\t<input type=\"hidden\" name=\"form_id\" value=\"b685575\"\/>\n\t\t\t<input type=\"hidden\" name=\"referer_title\" value=\"HVA Group\" \/>\n\n\t\t\t\n\t\t\t<div class=\"elementor-form-fields-wrapper elementor-labels-above\">\n\t\t\t\t\t\t\t\t<div class=\"elementor-field-type-text elementor-field-group elementor-column elementor-field-group-name elementor-col-100\">\n\t\t\t\t\t\t\t\t\t\t\t\t<label for=\"form-field-name\" class=\"elementor-field-label\">\n\t\t\t\t\t\t\t\tYour Name\t\t\t\t\t\t\t<\/label>\n\t\t\t\t\t\t\t\t\t\t\t\t\t\t<input size=\"1\" type=\"text\" name=\"form_fields[name]\" id=\"form-field-name\" class=\"elementor-field elementor-size-sm  elementor-field-textual\">\n\t\t\t\t\t\t\t\t\t\t\t<\/div>\n\t\t\t\t\t\t\t\t<div class=\"elementor-field-type-email elementor-field-group elementor-column elementor-field-group-email elementor-col-100 elementor-field-required\">\n\t\t\t\t\t\t\t\t\t\t\t\t<label for=\"form-field-email\" class=\"elementor-field-label\">\n\t\t\t\t\t\t\t\tE-mail\t\t\t\t\t\t\t<\/label>\n\t\t\t\t\t\t\t\t\t\t\t\t\t\t<input size=\"1\" type=\"email\" name=\"form_fields[email]\" id=\"form-field-email\" class=\"elementor-field elementor-size-sm  elementor-field-textual\" required=\"required\" aria-required=\"true\">\n\t\t\t\t\t\t\t\t\t\t\t<\/div>\n\t\t\t\t\t\t\t\t<div class=\"elementor-field-type-textarea elementor-field-group elementor-column elementor-field-group-message elementor-col-100\">\n\t\t\t\t\t\t\t\t\t\t\t\t<label for=\"form-field-message\" class=\"elementor-field-label\">\n\t\t\t\t\t\t\t\tMessage\t\t\t\t\t\t\t<\/label>\n\t\t\t\t\t\t<textarea class=\"elementor-field-textual elementor-field  elementor-size-sm\" name=\"form_fields[message]\" id=\"form-field-message\" rows=\"4\"><\/textarea>\t\t\t\t<\/div>\n\t\t\t\t\t\t\t\t<div class=\"elementor-field-group elementor-column elementor-field-type-submit elementor-col-100 e-form__buttons\">\n\t\t\t\t\t<button class=\"elementor-button elementor-size-sm\" type=\"submit\">\n\t\t\t\t\t\t<span class=\"elementor-button-content-wrapper\">\n\t\t\t\t\t\t\t\t\t\t\t\t\t\t\t<span class=\"elementor-button-icon\">\n\t\t\t\t\t\t\t\t\t<i aria-hidden=\"true\" class=\"fas fa-paper-plane\"><\/i>\t\t\t\t\t\t\t\t\t\t\t\t\t\t\t\t\t<\/span>\n\t\t\t\t\t\t\t\t\t\t\t\t\t\t\t\t\t\t\t\t\t\t<span class=\"elementor-button-text\">Send<\/span>\n\t\t\t\t\t\t\t\t\t\t\t\t\t<\/span>\n\t\t\t\t\t<\/button>\n\t\t\t\t<\/div>\n\t\t\t<\/div>\n\t\t<input type=\"hidden\" name=\"trp-form-language\" value=\"en\"\/><\/form>\n\t\t\t\t\t\t<\/div>\n\t\t\t\t<\/div>\n\t\t\t\t\t<\/div>\n\t\t\t\t<\/div>\n\t\t\t\t\t<\/div>\n\t\t\t\t<\/div>\n\t\t\t\t\t<\/div>\n\t\t\t\t<\/div>\n\t\t\t\t<\/div>","protected":false},"excerpt":{"rendered":"<p>CONTACT Contact information Leave a message, we will call you back later. 02923.826.688 contact@hva.group Can Tho: No. 81 Nguyen Hien, Residential Area 91B, Tan An Ward Ho Chi Minh City: No. 32-32B-34-34A Bach Dang, Tan Son Hoa Ward Da Nang: 16th Floor, Misa Building, No. 188, 30\/4 Street, Hoa [\u2026]<\/p>","protected":false},"author":14,"featured_media":230,"parent":0,"menu_order":0,"comment_status":"closed","ping_status":"closed","template":"","meta":{"_acf_changed":false,"footnotes":""},"class_list":["post-114","page","type-page","status-publish","has-post-thumbnail","hentry"],"acf":[],"yoast_head":"<!-- This site is optimized with the Yoast SEO Premium plugin v23.2 (Yoast SEO v26.8) - https:\/\/yoast.com\/product\/yoast-seo-premium-wordpress\/ -->\n<title>Th\u00f4ng Tin Li\u00ean H\u1ec7 HVA Group - K\u1ebft N\u1ed1i V\u1edbi Ch\u00fang T\u00f4i<\/title>\n<meta name=\"description\" content=\"HVA Group lu\u00f4n s\u1eb5n s\u00e0ng h\u1ed7 tr\u1ee3. G\u1eedi l\u1eddi nh\u1eafn ho\u1eb7c li\u00ean h\u1ec7 qua \u0111i\u1ec7n tho\u1ea1i, email, ho\u1eb7c \u0111\u1ebfn tr\u1ef1c ti\u1ebfp v\u0103n ph\u00f2ng \u0111\u1ec3 \u0111\u01b0\u1ee3c ph\u1ee5c v\u1ee5 nhanh ch\u00f3ng v\u00e0 t\u1eadn t\u00ecnh.\" \/>\n<meta name=\"robots\" content=\"index, follow, max-snippet:-1, max-image-preview:large, max-video-preview:-1\" \/>\n<link rel=\"canonical\" href=\"https:\/\/hva.group\/en\/wp-json\/wp\/v2\/pages\/114\" \/>\n<meta property=\"og:locale\" content=\"en_US\" \/>\n<meta property=\"og:type\" content=\"article\" \/>\n<meta property=\"og:title\" content=\"Li\u00ean h\u1ec7\" \/>\n<meta property=\"og:description\" content=\"HVA Group lu\u00f4n s\u1eb5n s\u00e0ng h\u1ed7 tr\u1ee3. G\u1eedi l\u1eddi nh\u1eafn ho\u1eb7c li\u00ean h\u1ec7 qua \u0111i\u1ec7n tho\u1ea1i, email, ho\u1eb7c \u0111\u1ebfn tr\u1ef1c ti\u1ebfp v\u0103n ph\u00f2ng \u0111\u1ec3 \u0111\u01b0\u1ee3c ph\u1ee5c v\u1ee5 nhanh ch\u00f3ng v\u00e0 t\u1eadn t\u00ecnh.\" \/>\n<meta property=\"og:url\" content=\"https:\/\/hva.group\/en\/contact\/\" \/>\n<meta property=\"og:site_name\" content=\"HVA Group\" \/>\n<meta property=\"article:modified_time\" content=\"2025-07-11T04:22:20+00:00\" \/>\n<meta property=\"og:image\" content=\"https:\/\/hva.group\/wp-content\/uploads\/2023\/09\/LIEN-HE.jpg\" \/>\n\t<meta property=\"og:image:width\" content=\"800\" \/>\n\t<meta property=\"og:image:height\" content=\"500\" \/>\n\t<meta property=\"og:image:type\" content=\"image\/jpeg\" \/>\n<meta name=\"twitter:card\" content=\"summary_large_image\" \/>\n<meta name=\"twitter:label1\" content=\"Est. reading time\" \/>\n\t<meta name=\"twitter:data1\" content=\"1 minute\" \/>\n<script type=\"application\/ld+json\" class=\"yoast-schema-graph\">{\"@context\":\"https:\/\/schema.org\",\"@graph\":[{\"@type\":\"WebPage\",\"@id\":\"https:\/\/hva.group\/lien-he\/\",\"url\":\"https:\/\/hva.group\/lien-he\/\",\"name\":\"Th\u00f4ng Tin Li\u00ean H\u1ec7 HVA Group - K\u1ebft N\u1ed1i V\u1edbi Ch\u00fang T\u00f4i\",\"isPartOf\":{\"@id\":\"https:\/\/hva.group\/#website\"},\"primaryImageOfPage\":{\"@id\":\"https:\/\/hva.group\/lien-he\/#primaryimage\"},\"image\":{\"@id\":\"https:\/\/hva.group\/lien-he\/#primaryimage\"},\"thumbnailUrl\":\"https:\/\/hva.group\/wp-content\/uploads\/2023\/09\/LIEN-HE.jpg\",\"datePublished\":\"2023-09-08T02:41:16+00:00\",\"dateModified\":\"2025-07-11T04:22:20+00:00\",\"description\":\"HVA Group lu\u00f4n s\u1eb5n s\u00e0ng h\u1ed7 tr\u1ee3. G\u1eedi l\u1eddi nh\u1eafn ho\u1eb7c li\u00ean h\u1ec7 qua \u0111i\u1ec7n tho\u1ea1i, email, ho\u1eb7c \u0111\u1ebfn tr\u1ef1c ti\u1ebfp v\u0103n ph\u00f2ng \u0111\u1ec3 \u0111\u01b0\u1ee3c ph\u1ee5c v\u1ee5 nhanh ch\u00f3ng v\u00e0 t\u1eadn t\u00ecnh.\",\"breadcrumb\":{\"@id\":\"https:\/\/hva.group\/lien-he\/#breadcrumb\"},\"inLanguage\":\"en-US\",\"potentialAction\":[{\"@type\":\"ReadAction\",\"target\":[\"https:\/\/hva.group\/lien-he\/\"]}]},{\"@type\":\"ImageObject\",\"inLanguage\":\"en-US\",\"@id\":\"https:\/\/hva.group\/lien-he\/#primaryimage\",\"url\":\"https:\/\/hva.group\/wp-content\/uploads\/2023\/09\/LIEN-HE.jpg\",\"contentUrl\":\"https:\/\/hva.group\/wp-content\/uploads\/2023\/09\/LIEN-HE.jpg\",\"width\":800,\"height\":500,\"caption\":\"Li\u00ean h\u1ec7\"},{\"@type\":\"BreadcrumbList\",\"@id\":\"https:\/\/hva.group\/lien-he\/#breadcrumb\",\"itemListElement\":[{\"@type\":\"ListItem\",\"position\":1,\"name\":\"Trang ch\u1ee7\",\"item\":\"https:\/\/hva.group\/\"},{\"@type\":\"ListItem\",\"position\":2,\"name\":\"Li\u00ean h\u1ec7\"}]},{\"@type\":\"WebSite\",\"@id\":\"https:\/\/hva.group\/#website\",\"url\":\"https:\/\/hva.group\/\",\"name\":\"HVA Group\",\"description\":\"\",\"publisher\":{\"@id\":\"https:\/\/hva.group\/#organization\"},\"potentialAction\":[{\"@type\":\"SearchAction\",\"target\":{\"@type\":\"EntryPoint\",\"urlTemplate\":\"https:\/\/hva.group\/?s={search_term_string}\"},\"query-input\":{\"@type\":\"PropertyValueSpecification\",\"valueRequired\":true,\"valueName\":\"search_term_string\"}}],\"inLanguage\":\"en-US\"},{\"@type\":\"Organization\",\"@id\":\"https:\/\/hva.group\/#organization\",\"name\":\"HVA Group\",\"url\":\"https:\/\/hva.group\/\",\"logo\":{\"@type\":\"ImageObject\",\"inLanguage\":\"en-US\",\"@id\":\"https:\/\/hva.group\/#\/schema\/logo\/image\/\",\"url\":\"https:\/\/hva.group\/wp-content\/uploads\/2023\/11\/HVA-200-X-200.png\",\"contentUrl\":\"https:\/\/hva.group\/wp-content\/uploads\/2023\/11\/HVA-200-X-200.png\",\"width\":200,\"height\":200,\"caption\":\"HVA Group\"},\"image\":{\"@id\":\"https:\/\/hva.group\/#\/schema\/logo\/image\/\"}}]}<\/script>\n<!-- \/ Yoast SEO Premium plugin. -->","yoast_head_json":{"title":"HVA Group Contact Information - Connect With Us","description":"HVA Group is always ready to support. Send a message or contact us by phone, email, or come directly to the office for quick and dedicated service.","robots":{"index":"index","follow":"follow","max-snippet":"max-snippet:-1","max-image-preview":"max-image-preview:large","max-video-preview":"max-video-preview:-1"},"canonical":"https:\/\/hva.group\/en\/wp-json\/wp\/v2\/pages\/114","og_locale":"en_US","og_type":"article","og_title":"Li\u00ean h\u1ec7","og_description":"HVA Group lu\u00f4n s\u1eb5n s\u00e0ng h\u1ed7 tr\u1ee3. G\u1eedi l\u1eddi nh\u1eafn ho\u1eb7c li\u00ean h\u1ec7 qua \u0111i\u1ec7n tho\u1ea1i, email, ho\u1eb7c \u0111\u1ebfn tr\u1ef1c ti\u1ebfp v\u0103n ph\u00f2ng \u0111\u1ec3 \u0111\u01b0\u1ee3c ph\u1ee5c v\u1ee5 nhanh ch\u00f3ng v\u00e0 t\u1eadn t\u00ecnh.","og_url":"https:\/\/hva.group\/en\/contact\/","og_site_name":"HVA Group","article_modified_time":"2025-07-11T04:22:20+00:00","og_image":[{"width":800,"height":500,"url":"https:\/\/hva.group\/wp-content\/uploads\/2023\/09\/LIEN-HE.jpg","type":"image\/jpeg"}],"twitter_card":"summary_large_image","twitter_misc":{"Est. reading time":"1 minute"},"schema":{"@context":"https:\/\/schema.org","@graph":[{"@type":"WebPage","@id":"https:\/\/hva.group\/lien-he\/","url":"https:\/\/hva.group\/lien-he\/","name":"HVA Group Contact Information - Connect With Us","isPartOf":{"@id":"https:\/\/hva.group\/#website"},"primaryImageOfPage":{"@id":"https:\/\/hva.group\/lien-he\/#primaryimage"},"image":{"@id":"https:\/\/hva.group\/lien-he\/#primaryimage"},"thumbnailUrl":"https:\/\/hva.group\/wp-content\/uploads\/2023\/09\/LIEN-HE.jpg","datePublished":"2023-09-08T02:41:16+00:00","dateModified":"2025-07-11T04:22:20+00:00","description":"HVA Group is always ready to support. Send a message or contact us by phone, email, or come directly to the office for quick and dedicated service.","breadcrumb":{"@id":"https:\/\/hva.group\/lien-he\/#breadcrumb"},"inLanguage":"en-US","potentialAction":[{"@type":"ReadAction","target":["https:\/\/hva.group\/lien-he\/"]}]},{"@type":"ImageObject","inLanguage":"en-US","@id":"https:\/\/hva.group\/lien-he\/#primaryimage","url":"https:\/\/hva.group\/wp-content\/uploads\/2023\/09\/LIEN-HE.jpg","contentUrl":"https:\/\/hva.group\/wp-content\/uploads\/2023\/09\/LIEN-HE.jpg","width":800,"height":500,"caption":"Li\u00ean h\u1ec7"},{"@type":"BreadcrumbList","@id":"https:\/\/hva.group\/lien-he\/#breadcrumb","itemListElement":[{"@type":"ListItem","position":1,"name":"Trang ch\u1ee7","item":"https:\/\/hva.group\/"},{"@type":"ListItem","position":2,"name":"Li\u00ean h\u1ec7"}]},{"@type":"WebSite","@id":"https:\/\/hva.group\/#website","url":"https:\/\/hva.group\/","name":"HVA Group","description":"","publisher":{"@id":"https:\/\/hva.group\/#organization"},"potentialAction":[{"@type":"SearchAction","target":{"@type":"EntryPoint","urlTemplate":"https:\/\/hva.group\/?s={search_term_string}"},"query-input":{"@type":"PropertyValueSpecification","valueRequired":true,"valueName":"search_term_string"}}],"inLanguage":"en-US"},{"@type":"Organization","@id":"https:\/\/hva.group\/#organization","name":"HVA Group","url":"https:\/\/hva.group\/","logo":{"@type":"ImageObject","inLanguage":"en-US","@id":"https:\/\/hva.group\/#\/schema\/logo\/image\/","url":"https:\/\/hva.group\/wp-content\/uploads\/2023\/11\/HVA-200-X-200.png","contentUrl":"https:\/\/hva.group\/wp-content\/uploads\/2023\/11\/HVA-200-X-200.png","width":200,"height":200,"caption":"HVA Group"},"image":{"@id":"https:\/\/hva.group\/#\/schema\/logo\/image\/"}}]}},"_links":{"self":[{"href":"https:\/\/hva.group\/en\/wp-json\/wp\/v2\/pages\/114","targetHints":{"allow":["GET"]}}],"collection":[{"href":"https:\/\/hva.group\/en\/wp-json\/wp\/v2\/pages"}],"about":[{"href":"https:\/\/hva.group\/en\/wp-json\/wp\/v2\/types\/page"}],"author":[{"embeddable":true,"href":"https:\/\/hva.group\/en\/wp-json\/wp\/v2\/users\/14"}],"replies":[{"embeddable":true,"href":"https:\/\/hva.group\/en\/wp-json\/wp\/v2\/comments?post=114"}],"version-history":[{"count":3,"href":"https:\/\/hva.group\/en\/wp-json\/wp\/v2\/pages\/114\/revisions"}],"predecessor-version":[{"id":20236,"href":"https:\/\/hva.group\/en\/wp-json\/wp\/v2\/pages\/114\/revisions\/20236"}],"wp:featuredmedia":[{"embeddable":true,"href":"https:\/\/hva.group\/en\/wp-json\/wp\/v2\/media\/230"}],"wp:attachment":[{"href":"https:\/\/hva.group\/en\/wp-json\/wp\/v2\/media?parent=114"}],"curies":[{"name":"wp","href":"https:\/\/api.w.org\/{rel}","templated":true}]}}